{"id":43,"date":"2021-01-20T14:37:00","date_gmt":"2021-01-20T14:37:00","guid":{"rendered":"http:\/\/sonntagstisch.de\/?page_id=43"},"modified":"2021-09-14T14:06:46","modified_gmt":"2021-09-14T14:06:46","slug":"impressum","status":"publish","type":"page","link":"https:\/\/www.sonntagstisch.de\/?page_id=43","title":{"rendered":"Impressum"},"content":{"rendered":"<p>Alois Dhom<br \/>\nPommernstra\u00dfe 7<br \/>\n55545 Bad Kreuznach<br \/>\nTel.: +49 671<span class=\"_Xbe _ZWk kno-fv\"><span data-dtype=\"d3ph\">&nbsp;36896<\/span><\/span><br \/>\nE-Mail: <a href=\"mailto:info@sonntagstisch.de\">info@sonntagstisch.de<\/a><br \/>\nWeb: <a href=\"https:\/\/www.sonntagstisch.de\">www.sonntagstisch.de<\/a><\/p>\n<p>Inhaltlich Verantwortlicher gem\u00e4\u00df \u00a7 6 MDStV: Alois Dhom<\/p>\n<h4>Haftungshinweis<\/h4>\n<p>Trotz sorgf\u00e4ltiger inhaltlicher Kontrolle \u00fcbernehmen wir keine Haftung f\u00fcr die Inhalte externer Links. F\u00fcr den Inhalt der verlinkten Seiten sind ausschlie\u00dflich deren Betreiber verantwortlich.<br \/>\nUns ist bewusst, dass wir durch eine solche Erkl\u00e4rung nicht frei jeglicher Verantwortung sind. Schicken sie uns deshalb bitte eine Email falls sie einen Link zu einer \u201cdubiosen\u201d Seite hier entdecken sollten. Wir werden dann unverz\u00fcglich den Mangel abstellen. Leider ist eine t\u00e4gliche Kontrolle aller geschalteten Links unm\u00f6glich<\/p>\n","protected":false},"excerpt":{"rendered":"<p>Alois Dhom Pommernstra\u00dfe 7 55545 Bad Kreuznach Tel.: +49 671&nbsp;36896 E-Mail: info@sonntagstisch.de Web: www.sonntagstisch.de Inhaltlich Verantwortlicher gem\u00e4\u00df \u00a7 6 MDStV: Alois Dhom Haftungshinweis Trotz sorgf\u00e4ltiger inhaltlicher Kontrolle \u00fcbernehmen wir keine Haftung f\u00fcr die Inhalte externer Links. F\u00fcr den Inhalt der &hellip; <a href=\"https:\/\/www.sonntagstisch.de\/?page_id=43\">Weiterlesen <span class=\"meta-nav\">&rarr;<\/span><\/a><\/p>\n","protected":false},"author":1,"featured_media":0,"parent":0,"menu_order":0,"comment_status":"closed","ping_status":"closed","template":"","meta":{"footnotes":""},"class_list":["post-43","page","type-page","status-publish","hentry"],"_links":{"self":[{"href":"https:\/\/www.sonntagstisch.de\/index.php?rest_route=\/wp\/v2\/pages\/43","targetHints":{"allow":["GET"]}}],"collection":[{"href":"https:\/\/www.sonntagstisch.de\/index.php?rest_route=\/wp\/v2\/pages"}],"about":[{"href":"https:\/\/www.sonntagstisch.de\/index.php?rest_route=\/wp\/v2\/types\/page"}],"author":[{"embeddable":true,"href":"https:\/\/www.sonntagstisch.de\/index.php?rest_route=\/wp\/v2\/users\/1"}],"replies":[{"embeddable":true,"href":"https:\/\/www.sonntagstisch.de\/index.php?rest_route=%2Fwp%2Fv2%2Fcomments&post=43"}],"version-history":[{"count":5,"href":"https:\/\/www.sonntagstisch.de\/index.php?rest_route=\/wp\/v2\/pages\/43\/revisions"}],"predecessor-version":[{"id":274,"href":"https:\/\/www.sonntagstisch.de\/index.php?rest_route=\/wp\/v2\/pages\/43\/revisions\/274"}],"wp:attachment":[{"href":"https:\/\/www.sonntagstisch.de\/index.php?rest_route=%2Fwp%2Fv2%2Fmedia&parent=43"}],"curies":[{"name":"wp","href":"https:\/\/api.w.org\/{rel}","templated":true}]}}