{"id":21,"date":"2021-01-20T14:02:00","date_gmt":"2021-01-20T14:02:00","guid":{"rendered":"http:\/\/sonntagstisch.de\/?page_id=21"},"modified":"2023-09-17T11:03:35","modified_gmt":"2023-09-17T11:03:35","slug":"leitfaden","status":"publish","type":"page","link":"https:\/\/www.sonntagstisch.de\/?page_id=21","title":{"rendered":"Leitfaden"},"content":{"rendered":"<h1 class=\"w3-text-teal\">Ausrichtung eines Sonntagstisches<\/h1>\n<p class=\"w3-large\">Wir freuen uns, dass Sie dar\u00fcber nachdenken, einen \u201eSonntagstisch&#8220; auszurichten und m\u00f6chten Ihnen einen Leitfaden zur einfacheren Umsetzung an die Hand geben.<\/p>\n<p class=\"w3-large\">Sofern Sie dennoch Fragen haben sollten, k\u00f6nnen Sie sich gerne direkt mit unserem Team in Verbindung setzen. (siehe Kontakte)<\/p>\n<ul>\n<li>Der Schl\u00fcssel f\u00fcr den Pfarrsaal HI. Kreuz wird durch das Pfarrb\u00fcro verwaltet und ist zu den B\u00fcrozeiten dort abzuholen und wieder abzugeben.<\/li>\n<li>Die Anzahl der G\u00e4ste kann von Sonntag zu Sonntag stark variieren. <br \/>Gehen Sie aber von ca. 80 Personen aus.<\/li>\n<li>Es ist sinnvoll, die Tische gem\u00e4\u00df dem beigef\u00fcgten Stellplan aufzubauen.<\/li>\n<li>Ihr Team sollte aus 5 \u2014 6 Helfern bestehen. Bedenken Sie bei der Teamzusammenstellung, dass evtl. Tische zu stellen sind.<\/li>\n<li>Bringen Sie das Hinweisschild neben der Eingangst\u00fcr an.<\/li>\n<li>Die Essensausgabe soll in der Zeit von 12:30 bis 13:30 Uhr vorgenommen werden.<\/li>\n<li>\u00d6ffnen Sie den Pfarrsaal erst um 12:30 Uhr und bitten die G\u00e4ste herein<br \/>\u00a0&#8211; es ist jeder willkommen, egal aus welchem Grund er\/sie kommt.<br \/>\u00a0&#8211; achten Sie bitte darauf, dass Hunde drau\u00dfen bleiben.<br \/>\u00a0&#8211; im Pfarrsaal besteht Alkohol- und Rauchverbot<\/li>\n<li>Kochen Sie bitte Kaffee (Maschine eine Stunde vorher richten und einschalten) und stellen sie hei\u00dfes Wasser f\u00fcr Tee bereit. Tee, Zucker und Plastikl\u00f6ffel finden Sie im Schrank.<\/li>\n<li>Wenn m\u00f6glich, stellen Sie bitte auch einen Nachtisch (gerne auch Kuchen) bereit.<\/li>\n<\/ul>\n<p>Es stehen zwei K\u00e4sten Mineralwasser bereit, stellen Sie aber bitte keine Flaschen, sondern die vorhandenen Karaffen auf die Tische.<\/p>\n<ul>\n<li>Die bereitgestellten Utensilien &#8211; wie z.B. Warmhaltebeh\u00e4lter &#8211; finden Sie in den Schr\u00e4nken im Pfarrsaal (siehe Tischplan), gr\u00f6\u00dferes Material befindet sich im Keller links.<\/li>\n<li>In der K\u00fcche finden Sie nur einen haushalts\u00fcblichen 4-Plattenherd vor. Daher ist es sinnvoll, das Essen weitestgehend vorab vorzubereiten.<\/li>\n<li>Geschirr f\u00fcr 50 bis 60 G\u00e4ste ist vorhanden und muss im Bedarfsfall zwischendurch gesp\u00fclt werden.<\/li>\n<li>Es stehen zwei gro\u00dfe T\u00f6pfe des MHD zur Verf\u00fcgung, sowie gro\u00dfe R\u00fchr- und Sch\u00f6pfl\u00f6ffel.<\/li>\n<li>Bringen Sie unbedingt Geschirrt\u00fccher und Sp\u00fclmittel mit.<\/li>\n<li>Ein \u201eErste-Hilfe-Kasten&#8220; befindet sich im Treppenhaus des Pfarrhauses.<\/li>\n<li>F\u00fcr den Essens-Notfall sind immer noch drei Dosen Eintopf im Schrank.<\/li>\n<li>Sofern absehbar ist, dass Essen \u00fcbrig bleiben wird, k\u00f6nnen Sie dies gerne den G\u00e4sten mitgeben.<\/li>\n<li>Bitte schauen Sie nach der Veranstaltung, dass die Toiletten nicht zu sehr verschmutzt sind.<\/li>\n<li>Zum Abschluss m\u00f6chten wir Sie bitten, noch kurz \u201eTagebuch&#8220; zu f\u00fchren, in dem Sie Ihre Mahlzeit, die Anzahl der G\u00e4ste, sowie Ihre Erfahrungen und Anregungen festhalten. Bitte benennen Sie hier auch das gesamte Helferteam namentlich.<\/li>\n<li>entstandene Unkosten k\u00f6nnen Sie, falls Sie dies w\u00fcnschen, direkt und unb\u00fcrokratisch gegen Vorlage eines Beleges mit dem Pfarrb\u00fcro abrechnen.<\/li>\n<\/ul>\n<p>Den Terminkalender finden Sie auf dieser Web-Site unter dem Karteireiter &#8222;Kalender&#8220;.\u00a0 Bitte suchen Sie den Ihnen passenden Kochtermin aus und melden diesen an: a.dhom@dhom.de . Der gebuchte Termin wird dann umgehend f\u00fcr Ihr Team in den Kalender eingestellt.<\/p>\n<p>Diesen Leitfaden k\u00f6nnen Sie als PDF <a href=\"https:\/\/www.sonntagstisch.de\/wp-content\/uploads\/2021\/11\/Leitfaden.pdf\" target=\"_blank\" rel=\"noopener\">hier<\/a> herunterladen.<\/p>\n<h3>Wir m\u00f6chten uns recht herzlich f\u00fcr Ihre Unterst\u00fctzung bedanken und w\u00fcnschen Ihnen gutes Gelingen und viel Freude bei der Umsetzung Ihres \u201eSonntagstisches&#8220;.<\/h3>\n\n\n<p><\/p>\n","protected":false},"excerpt":{"rendered":"<p>Ausrichtung eines Sonntagstisches Wir freuen uns, dass Sie dar\u00fcber nachdenken, einen \u201eSonntagstisch&#8220; auszurichten und m\u00f6chten Ihnen einen Leitfaden zur einfacheren Umsetzung an die Hand geben. Sofern Sie dennoch Fragen haben sollten, k\u00f6nnen Sie sich gerne direkt mit unserem Team in &hellip; <a href=\"https:\/\/www.sonntagstisch.de\/?page_id=21\">Weiterlesen <span class=\"meta-nav\">&rarr;<\/span><\/a><\/p>\n","protected":false},"author":1,"featured_media":0,"parent":0,"menu_order":0,"comment_status":"closed","ping_status":"closed","template":"","meta":{"footnotes":""},"class_list":["post-21","page","type-page","status-publish","hentry"],"_links":{"self":[{"href":"https:\/\/www.sonntagstisch.de\/index.php?rest_route=\/wp\/v2\/pages\/21","targetHints":{"allow":["GET"]}}],"collection":[{"href":"https:\/\/www.sonntagstisch.de\/index.php?rest_route=\/wp\/v2\/pages"}],"about":[{"href":"https:\/\/www.sonntagstisch.de\/index.php?rest_route=\/wp\/v2\/types\/page"}],"author":[{"embeddable":true,"href":"https:\/\/www.sonntagstisch.de\/index.php?rest_route=\/wp\/v2\/users\/1"}],"replies":[{"embeddable":true,"href":"https:\/\/www.sonntagstisch.de\/index.php?rest_route=%2Fwp%2Fv2%2Fcomments&post=21"}],"version-history":[{"count":17,"href":"https:\/\/www.sonntagstisch.de\/index.php?rest_route=\/wp\/v2\/pages\/21\/revisions"}],"predecessor-version":[{"id":394,"href":"https:\/\/www.sonntagstisch.de\/index.php?rest_route=\/wp\/v2\/pages\/21\/revisions\/394"}],"wp:attachment":[{"href":"https:\/\/www.sonntagstisch.de\/index.php?rest_route=%2Fwp%2Fv2%2Fmedia&parent=21"}],"curies":[{"name":"wp","href":"https:\/\/api.w.org\/{rel}","templated":true}]}}