{"id":11,"date":"2021-01-21T13:49:00","date_gmt":"2021-01-21T13:49:00","guid":{"rendered":"http:\/\/sonntagstisch.de\/?page_id=11"},"modified":"2023-09-17T14:30:53","modified_gmt":"2023-09-17T14:30:53","slug":"info","status":"publish","type":"page","link":"https:\/\/www.sonntagstisch.de\/","title":{"rendered":"Startseite"},"content":{"rendered":"<p>Sie befinden sich auf der Website des Sonntagstisches \u2013 sch\u00f6n, dass Sie uns gefunden haben.<\/p>\n<h1 class=\"w3-text-teal\">Was ist der Sonntagstisch?<\/h1>\n<p>Der Sonntagstisch ist eine Aktion der Katholischen Kirchengemeinde Heilig Kreuz Bad Kreuznach. An jedem Sonntag in der kalten Jahreszeit (November bis Ostern) werden bed\u00fcrftigen Menschen zu einem warmen Mittagessen eingeladen. Ausgesprochen ist die Einladung durch die Kirchengemeinde &#8211; jeder ist willkommen. \u201eBed\u00fcrftig\u201c ist nicht nur im Sinne von \u201ehungrig\u201c gemeint.<\/p>\n<p>Durchgef\u00fchrt werden die einzelnen Sonntage durch die unterschiedlichsten \u2013 nicht nur kirchlichen \u2013 Gruppen. Kochen, Tische schm\u00fccken, Essen ausgeben und nat\u00fcrlich auch das anschlie\u00dfende Sp\u00fclen geh\u00f6rt dazu. Wie man G\u00e4ste behandelt, muss nicht vermittelt werden. F\u00fcr die Organisation des Projektes hinsichtlich des erforderlichen Equipments und auch der Terminplanung hat sich ein Organisationsteam gefunden, das immer ansprechbar ist. Dar\u00fcber hinaus findet sich alles logistisch Interessante im \u201eLeitfaden zum Sonntagstisch\u201c.<\/p>\n<p>Die ausgesprochene Einladung soll keine Erg\u00e4nzung oder <img loading=\"lazy\" decoding=\"async\" class=\"size-medium wp-image-15 alignleft\" src=\"http:\/\/sonntagstisch.de\/wp-content\/uploads\/2017\/01\/pot-182x300.png\" alt=\"\" width=\"182\" height=\"300\" srcset=\"https:\/\/www.sonntagstisch.de\/wp-content\/uploads\/2017\/01\/pot-182x300.png 182w, https:\/\/www.sonntagstisch.de\/wp-content\/uploads\/2017\/01\/pot.png 352w\" sizes=\"auto, (max-width: 182px) 100vw, 182px\" \/>Abrundung der staatlichen Versorgung darstellen, sondern eine Geste der N\u00e4chstenliebe sein.<\/p>\n<p>Die dauerhaft recht hohe Zahl der G\u00e4ste zeigt, wie wichtig diese Aktion f\u00fcr die bed\u00fcrftigen Menschen ist. F\u00fcr die Kirche ist sie unverzichtbar, wie uns das \u201eWort zur Caritas\u201c der deutschen Bisch\u00f6fe im Dezember 2009 best\u00e4tigt:<\/p>\n<blockquote>\n<p class=\"w3-large w3-serif\"><i>\u201e[&#8230;] Denn das caritative Handeln und die Organisationen der Christlichen N\u00e4chstenliebe geh\u00f6ren ebenso unverzichtbar zu Wesen und Auftrag der Kirche wie die Verk\u00fcndigung von Gotteswort und die Feier der Sakramente.\u201c<\/i><\/p>\n<\/blockquote>\n<h1>Sonntagstisch zu Corona-Zeiten<\/h1>\n<p>In den vergangenen Jahren war es nur m\u00f6glich, den Sonntagstisch in reduzierter Form anzubieten. Lediglich durch eine Essensausgabe konnten wir unseren G\u00e4sten zeigen, dass auch in schwierigen Zeiten an sie gedacht wird. Vom Grundgedanken der Einladung, der Bewirtung, des gemeinsamen Essens haben wir uns in dieser Zeit leider etwas entfernen m\u00fcssen. \u00a0<br \/><strong>Umso mehr freuen wir uns, dass wir in der kommenden Saison 2023\/2024 wieder zu unserem urspr\u00fcnglichen gastfreundlichen Modus zur\u00fcckkehren k\u00f6nnen.<\/strong><\/p>\n<p>Sollten Sie und Ihr Team sich \u00fcberfordert f\u00fchlen, so viele G\u00e4ste im Pfarrsaal zu bewirten oder hinsichtlich der Corona-Gef\u00e4hrdungslage Vorbehalte habe, rufen Sie uns an oder schicken Sie eine Mail, Corona hat uns gelehrt, flexibel zu sein. Wir werden eine L\u00f6sung finden, die Ihnen zusagt.<\/p>\n<p>Wir freuen uns drauf, wieder gemeinsam mit Ihnen an diesem tollen Projekt zu arbeiten.<\/p>\n<h1 class=\"w3-text-teal\">Wie ist der Sonntagstisch entstanden?<\/h1>\n<p>Im Rahmen der Zusammenf\u00fchrung der 5 Kirchengemeinden zur Pfarrei Heilig Kreuz wurde am 18. November 2006 ein Studientag mit dem Titel durchgef\u00fchrt: \u201eKirche im Wandel \u2013 Herausforderung f\u00fcr Bad Kreuznach\u201c &#8211; Ermutigung auf dem Weg in eine zukunftsf\u00e4hige Stadtpfarrei &#8211; Als Referent konnte Dr. Martin Wichmann, Pastoralreferent aus Lahr, gewonnen werden.<\/p>\n<p>Im Zuge der Beurteilung der aktuellen Situation des Umbruchs, der Arbeit des Steuerkreises und der verschiedenen Arbeitskreise, musste festgestellt werden, dass ein Teil des universalen christlichen Auftrags der Kirche nicht bedacht war. Zwar gab es Arbeitskreise, die sich den Themen Verk\u00fcndigung und Mission sowie Gemeinschaft, Liturgie und Eucharistiefeier widmeten, f\u00fcr christliche N\u00e4chstenliebe oder Caritas hatte sich aber keine Gruppierung verantwortlich gezeigt. Hier war nicht das allgemeine Spendenaufkommen f\u00fcr Misereor oder die Caritas, sondern echte, \u201et\u00e4tige\u201c N\u00e4chstenliebe gemeint.<\/p>\n<p>Beim Sammeln von praktikablen M\u00f6glichkeiten eines caritativen Engagements schilderte Schwester Irmgard Schmitt, die zu dieser Zeit Leiterin des Obdachlosentreffpunktes \u201eReling\u201c war, die Situation der Obdachlosen und Bed\u00fcrftigen in Bad Kreuznach. Ihr war es ein besonderes Anliegen, den betroffenen Menschen im Winterhalbjahr auch sonntags ein warmes Mittagessen in geheizten R\u00e4umlichkeiten anzubieten, da die \u201eReling\u201c ein solches Angebot damals nicht leisten konnte. Es w\u00e4re doch ein sch\u00f6nes Zeichen, wenn die Ki<img loading=\"lazy\" decoding=\"async\" class=\"wp-image-13 size-medium alignright\" src=\"http:\/\/sonntagstisch.de\/wp-content\/uploads\/2017\/01\/sign-201x300.png\" width=\"201\" height=\"300\" srcset=\"https:\/\/www.sonntagstisch.de\/wp-content\/uploads\/2017\/01\/sign-201x300.png 201w, https:\/\/www.sonntagstisch.de\/wp-content\/uploads\/2017\/01\/sign.png 386w\" sizes=\"auto, (max-width: 201px) 100vw, 201px\" \/>rche diese Menschen zu sich einladen w\u00fcrde.<\/p>\n<p class=\"w3-large w3-serif\">Diesen \u00dcberlegungen offensichtlich voll zustimmend, gr\u00fcndete Pfarrer Karlhubert Wickert mit den Worten <i>\u201eAlso, ich mach das jetzt &#8211; wer macht sonst noch mit?\u201c <\/i>die Projektgruppe.<\/p>\n<p>Noch w\u00e4hrend des Studientages fand sich eine arbeitsf\u00e4hige Gruppe zusammen, die bereits 7 Tage sp\u00e4ter den ersten Sonntagstisch durchf\u00fchrte. 35 G\u00e4ste nahmen die Einladung an und zeigten sich au\u00dferordentlich dankbar.<\/p>\n<p>Die Durchf\u00fchrung der einzelnen Sonntage durch die unterschiedlichsten Gruppierungen und somit die Verteilung auf viele Schultern, zeigte sich als \u00e4u\u00dferst gut praktikabel und macht das Projekt erst durchf\u00fchrbar.<\/p>\n<p>Jedes Kochteam macht seither seine eigenen, durchweg positiven Erfahrungen, die es im Sonntagstisch-Tagebuch eintr\u00e4gt \u2013 inkl. einer Auflistung der bereiteten Speisen und der Anzahl der G\u00e4ste. Nat\u00fcrlich gab es auch schon Schwierigkeiten und gar Totalausf\u00e4lle, aber immer wurden die H\u00fcrden mit Wohlwollen und gutem Willen \u00fcberwunden \u2013 so wie man halt miteinander umgeht, wenn man es gut mit dem Gegen\u00fcber meint.<\/p>\n<p>Wenn Sie sich nicht in der Lage sehen, f\u00fcr eine gr\u00f6\u00dfere Anzahl von Personen zu kochen, k\u00f6nnen Sie den Sonntagstisch auch gerne finanziell unterst\u00fctzen. Das versetzt uns in die Lage, falls erforderlich, den Kochteams bei der Beschaffung der Lebensmittel unter die Arme zu greifen. Das Spendenkonto lautet:<br \/><strong>Kath. Kirchengemeinde Heilig Kreuz, Stichwort \u201eSonntagstisch\u201c<br \/><\/strong><strong>DE 98 5605 0180 0017 0169 08 MALADE51KRE<\/strong><\/p>\n<p>Herzlichen Dank!<\/p>\n\n\n<p><\/p>\n","protected":false},"excerpt":{"rendered":"<p>Sie befinden sich auf der Website des Sonntagstisches \u2013 sch\u00f6n, dass Sie uns gefunden haben. Was ist der Sonntagstisch? Der Sonntagstisch ist eine Aktion der Katholischen Kirchengemeinde Heilig Kreuz Bad Kreuznach. An jedem Sonntag in der kalten Jahreszeit (November bis &hellip; <a href=\"https:\/\/www.sonntagstisch.de\/\">Weiterlesen <span class=\"meta-nav\">&rarr;<\/span><\/a><\/p>\n","protected":false},"author":1,"featured_media":0,"parent":0,"menu_order":0,"comment_status":"closed","ping_status":"closed","template":"","meta":{"footnotes":""},"class_list":["post-11","page","type-page","status-publish","hentry"],"_links":{"self":[{"href":"https:\/\/www.sonntagstisch.de\/index.php?rest_route=\/wp\/v2\/pages\/11","targetHints":{"allow":["GET"]}}],"collection":[{"href":"https:\/\/www.sonntagstisch.de\/index.php?rest_route=\/wp\/v2\/pages"}],"about":[{"href":"https:\/\/www.sonntagstisch.de\/index.php?rest_route=\/wp\/v2\/types\/page"}],"author":[{"embeddable":true,"href":"https:\/\/www.sonntagstisch.de\/index.php?rest_route=\/wp\/v2\/users\/1"}],"replies":[{"embeddable":true,"href":"https:\/\/www.sonntagstisch.de\/index.php?rest_route=%2Fwp%2Fv2%2Fcomments&post=11"}],"version-history":[{"count":22,"href":"https:\/\/www.sonntagstisch.de\/index.php?rest_route=\/wp\/v2\/pages\/11\/revisions"}],"predecessor-version":[{"id":396,"href":"https:\/\/www.sonntagstisch.de\/index.php?rest_route=\/wp\/v2\/pages\/11\/revisions\/396"}],"wp:attachment":[{"href":"https:\/\/www.sonntagstisch.de\/index.php?rest_route=%2Fwp%2Fv2%2Fmedia&parent=11"}],"curies":[{"name":"wp","href":"https:\/\/api.w.org\/{rel}","templated":true}]}}